{"id":26,"date":"2025-04-03T11:12:53","date_gmt":"2025-04-03T09:12:53","guid":{"rendered":"https:\/\/journalistik.ruc.dk\/caroc\/?page_id=26"},"modified":"2025-04-07T16:28:34","modified_gmt":"2025-04-07T14:28:34","slug":"cv","status":"publish","type":"page","link":"https:\/\/journalistik.ruc.dk\/caroc\/cv\/","title":{"rendered":"CV"},"content":{"rendered":"<h3><strong>Udannelse<\/strong><\/h3>\n<p><strong>2021 &#8211; nu &#8211; <\/strong><strong>Journalistik og historie, Roskilde Universitet<\/strong><\/p>\n<p>P\u00e5 min uddannelse i journalistik og historie er jeg blevet fortrolig med nyhedsgenren og de journalistiske arbejdsmetoder. Desuden har jeg haft snuden langt nede i de danske mediearkiver og l\u00e6st referater fra politiske debatter og forhandlinger i folke- og landstinget fra 1930&#8217;erne, 40&#8217;erne og 50&#8217;erne.<\/p>\n<p><strong>2016 &#8211; 2019 &#8211; Student, Sankt Ann\u00e6 Gymnasium<\/strong><\/p>\n<p>Musik A, Engelsk A, Samfundsfag B<\/p>\n<p><strong>2015 &#8211; 2016 &#8211; Ollerup Efterskole &#8211; Sang og Musik<\/strong><\/p>\n<h3><strong>Erhvervserfarring<\/strong><\/h3>\n<p><strong>2025 &#8211; Praktik<span style=\"color: #000000\">, Sj\u00e6llandske Nyheder,<\/span> Hiller\u00f8d<\/strong><\/p>\n<p>Jeg var i to ugers praktik p\u00e5 Sj\u00e6llandske Nyheder i Hiller\u00f8d. Her skrev jeg nyheder til SN.dk og Frederiksborg Amts avis og udgav i alt fem artikler. Det var et meget givende praktikforl\u00f8b, hvor jeg fik lov til at pr\u00f8ve mine journalistiske kompetencer af.<\/p>\n<p><strong>2019\u00a0&#8211; 2023\u00a0&#8211; Tjener og Inspekt\u00f8r, <span style=\"color: #3366ff\"><a style=\"color: #3366ff\" href=\"https:\/\/jahizakaya.dk\/en\" target=\"_blank\" rel=\"noopener\">Jah Izakaya &amp; Sake Bar<\/a><\/span><\/strong><\/p>\n<p>Her arbejdede jeg i fire \u00e5r ansat som inspekt\u00f8r med ledende ansvar for de \u00f8vrige tjenere samt for at h\u00e5ndtere de udfordringer, der kunne opst\u00e5 under service. Jeg fik desuden et indg\u00e5ende kendskab til japansk mad, vin og sake. P\u00e5 restauranten var vi et hold p\u00e5 omtrent 20 personer. Jeg trivedes i at v\u00e6re en del af noget st\u00f8rre og syntes, det var sjovt og motiverende at bidrage til, at det hele gik op i en h\u00f8jere enhed &#8211; ogs\u00e5 n\u00e5r tempoet var h\u00f8jt.<\/p>\n<p><strong>2017 &#8211; 2019 &#8211; Bartender, Chaplon Tesalon, Tivoli<\/strong><\/p>\n<p><strong>\u00d8vrige jobs<\/strong><\/p>\n<p>Jeg har af tre omgange v\u00e6ret barnepige og aupair for tre forskellige familier blandt andet under Coronaepidemien. Her har jeg navigeret i det at komme t\u00e6t p\u00e5 andre menneskers privatliv, og jeg vandt hurtigt familiernes tillid.<\/p>\n<p>Min &#8220;karriere&#8221; startede i 2013 med, at jeg k\u00f8rte K\u00f8benhavn tyndt p\u00e5 umotoriseret ladcykel som omdeler af postkort for firmaet Go-card. Her arbejdede jeg i tre \u00e5r.<\/p>\n","protected":false},"excerpt":{"rendered":"<p>Udannelse 2021 &#8211; nu &#8211; Journalistik og historie, Roskilde Universitet P\u00e5 min uddannelse i journalistik og historie er jeg blevet fortrolig med nyhedsgenren og de journalistiske arbejdsmetoder. Desuden har jeg haft snuden langt nede i de danske mediearkiver og l\u00e6st referater fra politiske debatter og forhandlinger i folke- og landstinget fra 1930&#8217;erne, 40&#8217;erne og 50&#8217;erne. &hellip; <a href=\"https:\/\/journalistik.ruc.dk\/caroc\/cv\/\" class=\"more-link\">Continue reading <span class=\"screen-reader-text\">CV<\/span><\/a><\/p>\n","protected":false},"author":1391,"featured_media":0,"parent":0,"menu_order":0,"comment_status":"closed","ping_status":"closed","template":"","meta":{"footnotes":""},"class_list":["post-26","page","type-page","status-publish","hentry"],"_links":{"self":[{"href":"https:\/\/journalistik.ruc.dk\/caroc\/wp-json\/wp\/v2\/pages\/26","targetHints":{"allow":["GET"]}}],"collection":[{"href":"https:\/\/journalistik.ruc.dk\/caroc\/wp-json\/wp\/v2\/pages"}],"about":[{"href":"https:\/\/journalistik.ruc.dk\/caroc\/wp-json\/wp\/v2\/types\/page"}],"author":[{"embeddable":true,"href":"https:\/\/journalistik.ruc.dk\/caroc\/wp-json\/wp\/v2\/users\/1391"}],"replies":[{"embeddable":true,"href":"https:\/\/journalistik.ruc.dk\/caroc\/wp-json\/wp\/v2\/comments?post=26"}],"version-history":[{"count":50,"href":"https:\/\/journalistik.ruc.dk\/caroc\/wp-json\/wp\/v2\/pages\/26\/revisions"}],"predecessor-version":[{"id":300,"href":"https:\/\/journalistik.ruc.dk\/caroc\/wp-json\/wp\/v2\/pages\/26\/revisions\/300"}],"wp:attachment":[{"href":"https:\/\/journalistik.ruc.dk\/caroc\/wp-json\/wp\/v2\/media?parent=26"}],"curies":[{"name":"wp","href":"https:\/\/api.w.org\/{rel}","templated":true}]}}