{"id":46,"date":"2025-04-03T12:18:21","date_gmt":"2025-04-03T10:18:21","guid":{"rendered":"https:\/\/journalistik.ruc.dk\/caroc\/?page_id=46"},"modified":"2025-04-07T17:18:56","modified_gmt":"2025-04-07T15:18:56","slug":"produktioner","status":"publish","type":"page","link":"https:\/\/journalistik.ruc.dk\/caroc\/produktioner\/","title":{"rendered":"Produktioner"},"content":{"rendered":"<p><em>Nedenfor finder du et udpluk af mine journalistiske produktioner<\/em><\/p>\n<ul>\n<li><strong><a href=\"https:\/\/www.youtube.com\/watch?v=QWrLUHg4SNo&amp;ab_channel=NetAvisenRuc\" target=\"_blank\" rel=\"noopener\">Niels&#8217; kamp for bedre kyllingeliv<\/a><\/strong><\/li>\n<\/ul>\n<p><img loading=\"lazy\" decoding=\"async\" class=\"alignnone wp-image-241\" src=\"http:\/\/journalistik.ruc.dk\/caroc\/files\/2025\/04\/Skaermbillede-2025-04-06-kl.-19.28.36-300x167.png\" alt=\"\" width=\"620\" height=\"345\" srcset=\"https:\/\/journalistik.ruc.dk\/caroc\/files\/2025\/04\/Skaermbillede-2025-04-06-kl.-19.28.36-300x167.png 300w, https:\/\/journalistik.ruc.dk\/caroc\/files\/2025\/04\/Skaermbillede-2025-04-06-kl.-19.28.36-768x429.png 768w, https:\/\/journalistik.ruc.dk\/caroc\/files\/2025\/04\/Skaermbillede-2025-04-06-kl.-19.28.36.png 1000w\" sizes=\"auto, (max-width: 620px) 100vw, 620px\" \/><\/p>\n<p>Dette er min eneste Tv-produktion, lavet med afs\u00e6t i en \u00f8velse p\u00e5 kurset <em>Unders\u00f8gende journalistik p\u00e5 TV<\/em>, hvor opgaven var at lave et indslag med en case. Min studiemakker og jeg \u00f8nskede at finde &#8220;a man on a mission&#8221;, og jeg fik id\u00e9en til at kontakte dyrevelf\u00e6rdsorganisationen Anima efter en demonstration t\u00e6t p\u00e5 hvor jeg bor. Jeg interviewede Niels, som arbejdede p\u00e5 en kampagne mod COOPs salg af turbokyllinger. Han var en st\u00e6rk case med en mission, men som ansat i en organisation er han ogs\u00e5 en partskilde, hvilket kan f\u00e5 indslaget til at fremst\u00e5 som reklame for Anima. Jeg speakede og interviewede, min makker filmede, og vi skrev og klippede sammen. Jeg synes, det her var virkelig sjovt at lave, og jeg arbejder nu p\u00e5 en kort, unders\u00f8gende dokumentar om l\u00e6rerfrafald.<\/p>\n<ul>\n<li><strong>Sammen med hesten Bella har Emilie et mentalt \u00e5ndehul<\/strong><\/li>\n<\/ul>\n<p>Denne artikel er skrevet til <em data-start=\"126\" data-end=\"147\">Sj\u00e6llandske Nyheder, Hiller\u00f8d <\/em>i forbindelse med mit praktikforl\u00f8b. Artiklen handler om Emilie, der g\u00e5r til rideterapi hos Lone Pedersen i Hiller\u00f8d. Id\u00e9en opstod i min research af Hiller\u00f8d kommune, inden jeg skulle i praktik p\u00e5 mediet. Jeg fandt emnet v\u00e6sentligt og aktuelt \u2013 is\u00e6r i lyset af tidens fokus p\u00e5 mistrivsel blandt b\u00f8rn og unge, og jeg fors\u00f8gte at udvide perspektivet ved at unders\u00f8ge, om rideterapien bruges andre steder \u2013 for eksempel i psykiatrien.<\/p>\n<p><a href=\"https:\/\/journalistik.ruc.dk\/caroc\/produktioner\/rideterapi-sjaellandske\/\">L\u00e6s den her<\/a><\/p>\n<ul>\n<li><strong><strong><strong><strong><strong><strong><strong><strong><strong><strong><strong><strong><strong><strong><strong>Stationsflytning bliver droppet efter store prisstigninger &#8211; viceborgmester vil udfordre regnestykket\n<p><\/strong><\/strong><\/strong><\/strong><\/strong><\/strong><\/strong><\/strong><\/strong><\/strong><\/strong><\/strong><\/strong><\/strong><\/strong><\/li>\n<li><strong>12-\u00e5rige Felix skal g\u00e5 tredive centimeter fra de hurtigt k\u00f8rende biler hver morgen &#8211; Bekymret far havde h\u00e5bet p\u00e5 en l\u00f8sning<\/strong><\/li>\n<\/ul>\n<p>Disse to artikler er ogs\u00e5 skrevet til\u00a0<em>Sj\u00e6llandske Nyheder, Hiller\u00f8d<\/em>\u00a0af mig og min praktikmakker. Afs\u00e6ttet for artiklerne var en beslutning om at aflyse en ellers l\u00e6nge ventet flytning af <em>Br\u00f8deskov Station<\/em>.<\/p>\n<p>Den f\u00f8rste artikel har en politisk vinkel, hvor oppositionen (Venstre og Liberal Alliance) f\u00e5r luftet deres frustration over beslutningen. Jeg interviewede formanden for trafik og regional udvikling i region Hovedstaden, Marianne Frederik samt spidskandidat for Liberal Alliance, Mathias Skarby. Jeg har skrevet afsnittet fra mellemrubrikken &#8220;Fra 6,9 til 31,9 millioner&#8221; til mellemrubrikken &#8220;Vigtigt for alle sm\u00e5 bysamfund&#8221;. Og det sidste afsnit, der starter med mellemrubrikken &#8220;Dyrere end n\u00f8dvendigt&#8221;.<\/p>\n<p><a href=\"http:\/\/journalistik.ruc.dk\/caroc\/files\/2025\/04\/Skaermbillede-2025-03-11-kl.-09.53.31.png\" target=\"_blank\" rel=\"noopener\">L\u00e6s den her<\/a><\/p>\n<p>Den anden artikel handler om, at den droppede stationsflytning betyder, at de skoleb\u00f8rn, der tager toget fra stationen, fortsat skal g\u00e5 langs en farlig vej, n\u00e5r de skal til og fra skole.<\/p>\n<p><a href=\"https:\/\/www.sn.dk\/art6263552\/hilleroed-kommune\/nyhed\/lars-havde-haabet-at-han-kunne-sende-sin-soen-i-skole-med-ro-i-maven-men-det-er-oedelagt\/\" target=\"_blank\" rel=\"noopener\">L\u00e6s den her<\/a><\/p>\n","protected":false},"excerpt":{"rendered":"<p>Nedenfor finder du et udpluk af mine journalistiske produktioner Niels&#8217; kamp for bedre kyllingeliv Dette er min eneste Tv-produktion, lavet med afs\u00e6t i en \u00f8velse p\u00e5 kurset Unders\u00f8gende journalistik p\u00e5 TV, hvor opgaven var at lave et indslag med en case. Min studiemakker og jeg \u00f8nskede at finde &#8220;a man on a mission&#8221;, og jeg &hellip; <a href=\"https:\/\/journalistik.ruc.dk\/caroc\/produktioner\/\" class=\"more-link\">Continue reading <span class=\"screen-reader-text\">Produktioner<\/span><\/a><\/p>\n","protected":false},"author":1391,"featured_media":0,"parent":0,"menu_order":0,"comment_status":"closed","ping_status":"closed","template":"","meta":{"footnotes":""},"class_list":["post-46","page","type-page","status-publish","hentry"],"_links":{"self":[{"href":"https:\/\/journalistik.ruc.dk\/caroc\/wp-json\/wp\/v2\/pages\/46","targetHints":{"allow":["GET"]}}],"collection":[{"href":"https:\/\/journalistik.ruc.dk\/caroc\/wp-json\/wp\/v2\/pages"}],"about":[{"href":"https:\/\/journalistik.ruc.dk\/caroc\/wp-json\/wp\/v2\/types\/page"}],"author":[{"embeddable":true,"href":"https:\/\/journalistik.ruc.dk\/caroc\/wp-json\/wp\/v2\/users\/1391"}],"replies":[{"embeddable":true,"href":"https:\/\/journalistik.ruc.dk\/caroc\/wp-json\/wp\/v2\/comments?post=46"}],"version-history":[{"count":84,"href":"https:\/\/journalistik.ruc.dk\/caroc\/wp-json\/wp\/v2\/pages\/46\/revisions"}],"predecessor-version":[{"id":311,"href":"https:\/\/journalistik.ruc.dk\/caroc\/wp-json\/wp\/v2\/pages\/46\/revisions\/311"}],"wp:attachment":[{"href":"https:\/\/journalistik.ruc.dk\/caroc\/wp-json\/wp\/v2\/media?parent=46"}],"curies":[{"name":"wp","href":"https:\/\/api.w.org\/{rel}","templated":true}]}}