{"id":13,"date":"2018-04-04T09:21:39","date_gmt":"2018-04-04T07:21:39","guid":{"rendered":"http:\/\/journalistik.ruc.dk\/evilly\/?page_id=13"},"modified":"2018-04-10T12:40:12","modified_gmt":"2018-04-10T10:40:12","slug":"mit-cv","status":"publish","type":"page","link":"https:\/\/journalistik.ruc.dk\/evilly\/mit-cv\/","title":{"rendered":"Mit CV"},"content":{"rendered":"<p><strong>Mediepraktik p\u00e5 TV2 K\u00f8benhavn 2018<\/strong><\/p>\n<p>I marts var jeg i mediepraktik, hvor jeg i to uger var med i arbejdsgangen p\u00e5 hhv. 19- og 22-nyhederne, Indlandsredaktionen og News og co. Her pr\u00f8vede jeg kr\u00e6fter med interviews med kilder, jeg selv linede op, skrive voiceovers til studiev\u00e6rter og finde kilder til live-tv. Udover d\u00e9t var det et vanvittigt sp\u00e6ndende indblik ind under motorhjelmen p\u00e5 et enormt mediemaskineri, som altid er i femte gear.<\/p>\n<p><strong>Arbejde<\/strong><\/p>\n<p><em>Studentermedhj\u00e6lp hos Alinea\/Egmont 2014-nu<\/em><\/p>\n<p>P\u00e5 Alineas forskellige redaktioner har jeg prim\u00e6rt besk\u00e6ftiget mig med at digitalisere undervisningsmateriale til indskolingen. Jeg er bl.a. krediteret, som en del af et lille hold, der st\u00e5r bag udgivelsen af den digitalversionen af\u00a0<em>Ida og Emil<\/em>-serien, som er en af Alineas st\u00f8rste s\u00e6llerter.<br \/>\nDet var en ret vild oplevelse at arbejde p\u00e5 det samme k\u00e6mpeprojekt i to \u00e5r og se processen fra frustrerende m\u00f8der med forfattere til udgivelsesreception med champagne og pindemadder.<\/p>\n<p><strong>Uddannelse<\/strong><\/p>\n<p>2009-12 Samfundsvidenskabelig STX fra Birker\u00f8d Gymnasium<\/p>\n<p>2014-17 Bachelor i Internationale Studier og Journalistik fra RUC<\/p>\n<p>2017-20 Kandidat i Journalistik og Globale Studier fra RUC<\/p>\n<p><strong>Udvalgte RUC-projekter<\/strong><\/p>\n<p><em>1. semesterprojekt<\/em> om forskelle i d\u00e6kningen af nedskydningen af et Malaysia Airways passagerfly, der styrtede ned i Ukraine i 2014, i hhv. amerikanske og russiske medier. Vi fastslog, at propaganda, omkring kamphandlinger, stadig var aldeles udbredt i b\u00e5de USA og Rusland.<\/p>\n<p><em>2. semesterprojekt<\/em> om de ideologiske stridigheder, der givetvis l\u00e5 til grund for konflikten mellem den gr\u00e6ske SYRIZA-regering og EU\u2019s Trojka. Her fik jeg erfaring med at s\u00e6tte mig ind i et udenlandsk politisk landskab og samtidig f\u00e5 styr p\u00e5, hvordan EU-maskinen opererer.<\/p>\n<p><em>3. semesterprojekt<\/em> om diskrepansen mellem danskernes viden omkring k\u00f8dbrugs negative effekter p\u00e5 klimaet og s\u00e5 deres vilje til at spise mere vegetarisk. Her interviewede bl.a. kilder, og brugte sp\u00f8rgeteknikker fra journalistikkens v\u00e6rkt\u00f8jskasse \u2013 lyt og reag\u00e9r var helt centrale retningslinjer.<\/p>\n<p><em>4. semesterprojekt<\/em> om atomaftalen mellem Iran og P5+1-sammenslutningen. Her analyserede vi, via adskillige artikler og grundig research af amerikanske og iranske medier, hvordan aftalen var blevet til mellem to s\u00e5 polariserede stater.<\/p>\n<p><em>Bachelorprojekt<\/em> om Investeringsfonden for Udviklingslande (f\u00f8r kendt som Kaffefonden). Her unders\u00f8gte vi, hvorvidt IFU\u2019s evalueringsproces faktisk levede op til FN\u2019s nye Sustainable Development Goals. Her samarbejdede vi med DIIS og Danwatch og brugte flere teknikker, som bruges i unders\u00f8gende journalistik.<\/p>\n<p><strong>V\u00e6rdifulde erfaringer<\/strong><\/p>\n<p><em>Sabbat\u00e5r<\/em><\/p>\n<p>I mine to sabbat\u00e5r arbejdede jeg som alt fra gades\u00e6lger til forskningsassistent. Det viste mig nogle sider af Danmark, som jeg nok ellers aldrig havde set, og jeg m\u00f8dte mennesker, jeg nok aldrig havde m\u00f8dt. Det var is\u00e6r \u00f8jen\u00e5bnende at indg\u00e5 i mange forskellige kontormilj\u00f8er p\u00e5 kort tid, da det l\u00e6rte mig, hvor vigtigt, og samtidig nemt, det er, at kunne venner med mennesker fra alle milj\u00f8er og baggrunde.<br \/>\nMed penge herfra tog jeg til Afrika, hvor jeg var med en gruppe, der k\u00f8rte fra Sydafrika til Tanzania p\u00e5 fem uger. Vi l\u00e5 i telt i nationalparker det meste af vejen, og oplevede alle t\u00e6nkelige former for uheld og gl\u00e6der, der kan komme ud af at k\u00f8re over 6000 kilometer i en ombygget lastbil.<\/p>\n<p><a href=\"http:\/\/journalistik.ruc.dk\/evilly\/files\/2018\/04\/CV-done.pdf\" target=\"_blank\">Klik her for at \u00e5bne en printvenlig PDF-version af mit CV.<\/a><\/p>\n","protected":false},"excerpt":{"rendered":"<p>Mediepraktik p\u00e5 TV2 K\u00f8benhavn 2018 I marts var jeg i mediepraktik, hvor jeg i to uger var med i arbejdsgangen p\u00e5 hhv. 19- og 22-nyhederne, Indlandsredaktionen og News og co. Her pr\u00f8vede jeg kr\u00e6fter med interviews med kilder, jeg selv &hellip; <a href=\"https:\/\/journalistik.ruc.dk\/evilly\/mit-cv\/\">Continue reading <span class=\"meta-nav\">&rarr;<\/span><\/a><\/p>\n","protected":false},"author":883,"featured_media":0,"parent":0,"menu_order":0,"comment_status":"closed","ping_status":"closed","template":"onecolumn-page.php","meta":{"footnotes":""},"class_list":["post-13","page","type-page","status-publish","hentry"],"_links":{"self":[{"href":"https:\/\/journalistik.ruc.dk\/evilly\/wp-json\/wp\/v2\/pages\/13","targetHints":{"allow":["GET"]}}],"collection":[{"href":"https:\/\/journalistik.ruc.dk\/evilly\/wp-json\/wp\/v2\/pages"}],"about":[{"href":"https:\/\/journalistik.ruc.dk\/evilly\/wp-json\/wp\/v2\/types\/page"}],"author":[{"embeddable":true,"href":"https:\/\/journalistik.ruc.dk\/evilly\/wp-json\/wp\/v2\/users\/883"}],"replies":[{"embeddable":true,"href":"https:\/\/journalistik.ruc.dk\/evilly\/wp-json\/wp\/v2\/comments?post=13"}],"version-history":[{"count":7,"href":"https:\/\/journalistik.ruc.dk\/evilly\/wp-json\/wp\/v2\/pages\/13\/revisions"}],"predecessor-version":[{"id":19,"href":"https:\/\/journalistik.ruc.dk\/evilly\/wp-json\/wp\/v2\/pages\/13\/revisions\/19"}],"wp:attachment":[{"href":"https:\/\/journalistik.ruc.dk\/evilly\/wp-json\/wp\/v2\/media?parent=13"}],"curies":[{"name":"wp","href":"https:\/\/api.w.org\/{rel}","templated":true}]}}