{"id":22,"date":"2018-04-04T09:30:14","date_gmt":"2018-04-04T07:30:14","guid":{"rendered":"http:\/\/journalistik.ruc.dk\/evilly\/?page_id=22"},"modified":"2018-04-17T16:51:12","modified_gmt":"2018-04-17T14:51:12","slug":"alle-mine-produktioner","status":"publish","type":"page","link":"https:\/\/journalistik.ruc.dk\/evilly\/alle-mine-produktioner\/","title":{"rendered":"Alle mine produktioner"},"content":{"rendered":"<p><strong>Artikler<\/strong><\/p>\n<h3 id=\"access-content\" style=\"text-align: left\"><a href=\"https:\/\/www.dr.dk\/nyheder\/indland\/nye-borgerlige-oeger-maalingers-usikkerhed-ved-naeste-folketingsvalg\" target=\"_blank\" rel=\"noopener\">Nye Borgerlige \u00f8ger m\u00e5lingers usikkerhed ved n\u00e6ste folketingsvalg<img loading=\"lazy\" decoding=\"async\" class=\"wp-image-32 alignleft\" src=\"http:\/\/journalistik.ruc.dk\/evilly\/files\/2018\/04\/DR-300x300.png\" alt=\"I den her artikel fik jeg kombineret mit n\u00f8rderi med nyhedsjournalistik. Det var en v\u00e6rdifuld indsigt, da jeg f\u00f8rhen fejlagtigt havde troet, at de to ting ville v\u00e6re uforenelige, at nyhedsjournalistik bare var overfladisk og, at emner som statistisk usikkerhed aldrig kunne blive sexede nok nationale medier. Modbeviset til de her fordomme kom, da artiklen blev udgivet p\u00e5 DR.\" width=\"235\" height=\"235\" srcset=\"https:\/\/journalistik.ruc.dk\/evilly\/files\/2018\/04\/DR-300x300.png 300w, https:\/\/journalistik.ruc.dk\/evilly\/files\/2018\/04\/DR-150x150.png 150w, https:\/\/journalistik.ruc.dk\/evilly\/files\/2018\/04\/DR.png 500w\" sizes=\"auto, (max-width: 235px) 100vw, 235px\" \/><\/a><\/h3>\n<p>http:\/\/navisen.dk\/blog\/politi-saetter-droner-ind-i-eftersoegninger\/<\/p>\n<p>http:\/\/metiermagasin.dk\/13\/2017\/10\/25\/er-pulver-fremtidens-mad\/<\/p>\n<p>http:\/\/navisen.dk\/blog\/ekspert-usas-foerstedame-har-faaet-stoerre-politisk-indflydelse\/<\/p>\n<p>&nbsp;<\/p>\n<p><strong>TV-produktioner<\/strong><\/p>\n<p><em>Vor Frue kn\u00e6kker koden til bev\u00e6gelse i undervisningen <\/em><\/p>\n<p>https:\/\/www.youtube.com\/watch?v=QKw2WPcaIPc<\/p>\n<p><em>Ny udstilling p\u00e5 planetariet<\/em><\/p>\n<p>https:\/\/www.youtube.com\/watch?v=FvP-q4o_QoM<\/p>\n<p><strong>KOMMER SNART: MINI DOKUMENTAR OM MORMONER<\/strong><\/p>\n","protected":false},"excerpt":{"rendered":"<p>Artikler Nye Borgerlige \u00f8ger m\u00e5lingers usikkerhed ved n\u00e6ste folketingsvalg http:\/\/navisen.dk\/blog\/politi-saetter-droner-ind-i-eftersoegninger\/ http:\/\/metiermagasin.dk\/13\/2017\/10\/25\/er-pulver-fremtidens-mad\/ http:\/\/navisen.dk\/blog\/ekspert-usas-foerstedame-har-faaet-stoerre-politisk-indflydelse\/ &nbsp; TV-produktioner Vor Frue kn\u00e6kker koden til bev\u00e6gelse i undervisningen https:\/\/www.youtube.com\/watch?v=QKw2WPcaIPc Ny udstilling p\u00e5 planetariet https:\/\/www.youtube.com\/watch?v=FvP-q4o_QoM KOMMER SNART: MINI DOKUMENTAR OM MORMONER<\/p>\n","protected":false},"author":883,"featured_media":0,"parent":0,"menu_order":0,"comment_status":"closed","ping_status":"closed","template":"onecolumn-page.php","meta":{"footnotes":""},"class_list":["post-22","page","type-page","status-publish","hentry"],"_links":{"self":[{"href":"https:\/\/journalistik.ruc.dk\/evilly\/wp-json\/wp\/v2\/pages\/22","targetHints":{"allow":["GET"]}}],"collection":[{"href":"https:\/\/journalistik.ruc.dk\/evilly\/wp-json\/wp\/v2\/pages"}],"about":[{"href":"https:\/\/journalistik.ruc.dk\/evilly\/wp-json\/wp\/v2\/types\/page"}],"author":[{"embeddable":true,"href":"https:\/\/journalistik.ruc.dk\/evilly\/wp-json\/wp\/v2\/users\/883"}],"replies":[{"embeddable":true,"href":"https:\/\/journalistik.ruc.dk\/evilly\/wp-json\/wp\/v2\/comments?post=22"}],"version-history":[{"count":6,"href":"https:\/\/journalistik.ruc.dk\/evilly\/wp-json\/wp\/v2\/pages\/22\/revisions"}],"predecessor-version":[{"id":57,"href":"https:\/\/journalistik.ruc.dk\/evilly\/wp-json\/wp\/v2\/pages\/22\/revisions\/57"}],"wp:attachment":[{"href":"https:\/\/journalistik.ruc.dk\/evilly\/wp-json\/wp\/v2\/media?parent=22"}],"curies":[{"name":"wp","href":"https:\/\/api.w.org\/{rel}","templated":true}]}}